{"id":26730,"date":"2025-05-27T11:34:11","date_gmt":"2025-05-27T11:34:11","guid":{"rendered":"https:\/\/legendssportarena.it\/?page_id=26730"},"modified":"2025-08-27T08:36:35","modified_gmt":"2025-08-27T08:36:35","slug":"beach-soccer","status":"publish","type":"page","link":"https:\/\/legendssportarena.it\/it\/beach-soccer\/","title":{"rendered":"BEACH SOCCER"},"content":{"rendered":"<div data-elementor-type=\"wp-page\" data-elementor-id=\"26730\" class=\"elementor elementor-26730\">\n\t\t\t\t\t\t<section class=\"elementor-section elementor-top-section elementor-element elementor-element-31c2b6f elementor-section-boxed elementor-section-height-default elementor-section-height-default sc_fly_static\" data-id=\"31c2b6f\" data-element_type=\"section\" data-e-type=\"section\">\n\t\t\t\t\t\t<div class=\"elementor-container elementor-column-gap-extended\">\n\t\t\t\t\t<div class=\"elementor-column elementor-col-100 elementor-top-column elementor-element elementor-element-5e3ec65 sc_content_align_inherit sc_layouts_column_icons_position_left sc_fly_static\" data-id=\"5e3ec65\" data-element_type=\"column\" data-e-type=\"column\">\n\t\t\t<div class=\"elementor-widget-wrap elementor-element-populated\">\n\t\t\t\t\t\t<div class=\"elementor-element elementor-element-4486987 sc_fly_static elementor-widget elementor-widget-trx_sc_button\" data-id=\"4486987\" data-element_type=\"widget\" data-e-type=\"widget\" data-widget_type=\"trx_sc_button.default\">\n\t\t\t\t<div class=\"elementor-widget-container\">\n\t\t\t\t\t<div\tclass=\"sc_item_button sc_button_wrap sc_align_center\" ><a href=\"#book\" class=\"sc_button sc_button_default sc_button_size_normal sc_button_icon_left\" ><span class=\"sc_button_text\"><span class=\"sc_button_title\">Clicca qui per prenotare la tua sessione<\/span><\/span><\/a><\/div>\t\t\t\t<\/div>\n\t\t\t\t<\/div>\n\t\t\t\t\t<\/div>\n\t\t<\/div>\n\t\t\t\t\t<\/div>\n\t\t<\/section>\n\t\t\t\t<section class=\"elementor-section elementor-top-section elementor-element elementor-element-18e707b elementor-section-boxed elementor-section-height-default elementor-section-height-default sc_fly_static\" data-id=\"18e707b\" data-element_type=\"section\" data-e-type=\"section\">\n\t\t\t\t\t\t<div class=\"elementor-container elementor-column-gap-extended\">\n\t\t\t\t\t<div class=\"elementor-column elementor-col-100 elementor-top-column elementor-element elementor-element-04242e9 sc_content_align_inherit sc_layouts_column_icons_position_left sc_fly_static\" data-id=\"04242e9\" data-element_type=\"column\" data-e-type=\"column\">\n\t\t\t<div class=\"elementor-widget-wrap elementor-element-populated\">\n\t\t\t\t\t\t<div class=\"elementor-element elementor-element-d9d84e0 sc_fly_static elementor-widget elementor-widget-text-editor\" data-id=\"d9d84e0\" data-element_type=\"widget\" data-e-type=\"widget\" data-widget_type=\"text-editor.default\">\n\t\t\t\t<div class=\"elementor-widget-container\">\n\t\t\t\t\t\t\t\t\t<p><img decoding=\"async\" src=\"https:\/\/legendssportarena.it\/wp-content\/uploads\/2025\/05\/3-1.png\" \/><\/p><h3><strong data-start=\"643\" data-end=\"673\">Campo indoor 5 vs 5 in sabbia bianca<\/strong><\/h3><p data-start=\"641\" data-end=\"856\">Perfettamente dimensionato per partite ad alta intensit\u00e0, il nostro campo indoor da beach soccer \u00e8 realizzato con sabbia bianca certificata e un layout progettato per valorizzare velocit\u00e0, tecnica e rapidit\u00e0 di gioco \u2014 con qualsiasi condizione atmosferica.<\/p><h3><strong data-start=\"861\" data-end=\"889\">Eventi sportivi &amp; aziendali<\/strong><\/h3><p data-start=\"858\" data-end=\"1050\" class=\"translation-block\">Dai tornei adrenalinici agli eventi aziendali su misura, la nostra struttura flessibile rende Legends Arena la destinazione ideale per esperienze indimenticabili, sia sportive che corporate.<\/p><h3><strong data-start=\"1055\" data-end=\"1077\">Camp estivi giovanili<\/strong><\/h3><p data-start=\"1052\" data-end=\"1263\" class=\"translation-block\">I nostri programmi estivi per bambini e ragazzi uniscono divertimento, formazione sportiva e attivit\u00e0 sociali in un ambiente sicuro, dinamico e stimolante \u2014 la miglior esperienza sulla sabbia per le nuove generazioni.<\/p><h3><strong data-start=\"1268\" data-end=\"1302\">Tribune &amp; aree ristoro personalizzate<\/strong><\/h3><p data-start=\"1265\" data-end=\"1487\" class=\"translation-block\">Gli spettatori possono seguire le partite comodamente dalle tribune laterali, mentre ospiti e squadre si rilassano in spazi dedicati alla ristorazione, perfetti per cene post-partita e momenti di condivisione.<\/p><h3><strong data-start=\"1492\" data-end=\"1518\">Gioca, tifa, celebra<\/strong><\/h3><p data-start=\"1489\" data-end=\"1677\">Il beach soccer alla Legends Arena non \u00e8 solo sport, \u00e8 esperienza. Competizione, entusiasmo e connessione si fondono in un unico luogo, pensato per chi ama vivere lo sport a 360\u00b0.<\/p><h1 id=\"book\" data-start=\"1690\" data-end=\"1724\"><strong>Pronto a scendere in campo?<\/strong><\/h1><p data-start=\"1726\" data-end=\"1899\" class=\"translation-block\">Che tu stia organizzando un evento, allenandoti con la tua squadra o cercando una sfida tra amici, Legends Arena \u00e8 la tua destinazione beach soccer \u2014 tutto l\u2019anno.<\/p><p data-start=\"1726\" data-end=\"1899\"><div class=\"booked-calendar-shortcode-wrap\"><div class=\"booked-calendar-wrap large\"><div class=\"booked-calendar\" data-calendar-id=\"264\" data-calendar-date=\"2026-05-01\">\n\t\t<div class=\"bc-head\">\n\n\t\t\t\n\t\t\t<div class=\"bc-row top\">\n\t\t\t\t<div class=\"bc-col\">\n\t\t\t\t\t\t\t\t\t\t<span class=\"calendarSavingState\">\n\t\t\t\t\t\t<i class=\"fa-solid fa-circle-notch fa-spin\"><\/i>\n\t\t\t\t\t<\/span>\n\t\t\t\t\t<span class=\"monthName\">\n\t\t\t\t\t\tMaggio 2026\t\t\t\t\t\t\t\t\t\t\t<\/span>\n\t\t\t\t\t<a href=\"#\" data-goto=\"2026-06-01\" class=\"page-right\"><i class=\"fa-solid fa-arrow-right\"><\/i><\/a>\t\t\t\t<\/div>\n\t\t\t<\/div>\n\t\t\t<div class=\"bc-row days\">\n\t\t\t\t\t\t\t\t<div class=\"bc-col\">Lun<\/div>\n\t\t\t\t<div class=\"bc-col\">Mar<\/div>\n\t\t\t\t<div class=\"bc-col\">Mer<\/div>\n\t\t\t\t<div class=\"bc-col\">Gio<\/div>\n\t\t\t\t<div class=\"bc-col\">Ven<\/div>\n\t\t\t\t<div class=\"bc-col\">Sab<\/div>\t\t\t\t<div class=\"bc-col\">Dom<\/div>\t\t\t<\/div>\n\t\t<\/div>\n\t\t<div class=\"bc-body\"><div class=\"bc-row week\"><div data-date=\"2026-04-27\" class=\"bc-col prev-month prev-date\"><span class=\"date\"><span class=\"number\">27<\/span><\/span><\/div><div data-date=\"2026-04-28\" class=\"bc-col prev-month prev-date\"><span class=\"date\"><span class=\"number\">28<\/span><\/span><\/div><div data-date=\"2026-04-29\" class=\"bc-col prev-month prev-date\"><span class=\"date\"><span class=\"number\">29<\/span><\/span><\/div><div data-date=\"2026-04-30\" class=\"bc-col prev-month prev-date\"><span class=\"date\"><span class=\"number\">30<\/span><\/span><\/div><div data-date=\"2026-05-1\" class=\"bc-col prev-date\"><span class=\"date\"><span class=\"number\">1<\/span><\/span><\/div><div data-date=\"2026-05-2\" class=\"bc-col prev-date\"><span class=\"date\"><span class=\"number\">2<\/span><\/span><\/div><div data-date=\"2026-05-3\" class=\"bc-col prev-date\"><span class=\"date\"><span class=\"number\">3<\/span><\/span><\/div><\/div><div class=\"bc-row week\"><div data-date=\"2026-05-4\" class=\"bc-col prev-date\"><span class=\"date\"><span class=\"number\">4<\/span><\/span><\/div><div data-date=\"2026-05-5\" class=\"bc-col prev-date\"><span class=\"date\"><span class=\"number\">5<\/span><\/span><\/div><div data-date=\"2026-05-6\" class=\"bc-col prev-date\"><span class=\"date\"><span class=\"number\">6<\/span><\/span><\/div><div data-date=\"2026-05-7\" class=\"bc-col prev-date\"><span class=\"date\"><span class=\"number\">7<\/span><\/span><\/div><div data-date=\"2026-05-8\" class=\"bc-col prev-date\"><span class=\"date\"><span class=\"number\">8<\/span><\/span><\/div><div data-date=\"2026-05-9\" class=\"bc-col prev-date\"><span class=\"date\"><span class=\"number\">9<\/span><\/span><\/div><div data-date=\"2026-05-10\" class=\"bc-col prev-date\"><span class=\"date\"><span class=\"number\">10<\/span><\/span><\/div><\/div><div class=\"bc-row week\"><div data-date=\"2026-05-11\" class=\"bc-col prev-date\"><span class=\"date\"><span class=\"number\">11<\/span><\/span><\/div><div data-date=\"2026-05-12\" class=\"bc-col prev-date\"><span class=\"date\"><span class=\"number\">12<\/span><\/span><\/div><div data-date=\"2026-05-13\" class=\"bc-col prev-date\"><span class=\"date\"><span class=\"number\">13<\/span><\/span><\/div><div data-date=\"2026-05-14\" class=\"bc-col today prev-date\"><span class=\"date\"><span class=\"number\">14<\/span><\/span><\/div><div data-date=\"2026-05-15\" class=\"bc-col\"><span class=\"date tooltipster\" title=\"15 Available\"><span class=\"number\">15<\/span><\/span><\/div><div data-date=\"2026-05-16\" class=\"bc-col\"><span class=\"date tooltipster\" title=\"15 Available\"><span class=\"number\">16<\/span><\/span><\/div><div data-date=\"2026-05-17\" class=\"bc-col\"><span class=\"date tooltipster\" title=\"15 Available\"><span class=\"number\">17<\/span><\/span><\/div><\/div><div class=\"bc-row week\"><div data-date=\"2026-05-18\" class=\"bc-col\"><span class=\"date tooltipster\" title=\"15 Available\"><span class=\"number\">18<\/span><\/span><\/div><div data-date=\"2026-05-19\" class=\"bc-col\"><span class=\"date tooltipster\" title=\"15 Available\"><span class=\"number\">19<\/span><\/span><\/div><div data-date=\"2026-05-20\" class=\"bc-col\"><span class=\"date tooltipster\" title=\"15 Available\"><span class=\"number\">20<\/span><\/span><\/div><div data-date=\"2026-05-21\" class=\"bc-col\"><span class=\"date tooltipster\" title=\"15 Available\"><span class=\"number\">21<\/span><\/span><\/div><div data-date=\"2026-05-22\" class=\"bc-col\"><span class=\"date tooltipster\" title=\"15 Available\"><span class=\"number\">22<\/span><\/span><\/div><div data-date=\"2026-05-23\" class=\"bc-col\"><span class=\"date tooltipster\" title=\"15 Available\"><span class=\"number\">23<\/span><\/span><\/div><div data-date=\"2026-05-24\" class=\"bc-col\"><span class=\"date tooltipster\" title=\"15 Available\"><span class=\"number\">24<\/span><\/span><\/div><\/div><div class=\"bc-row week\"><div data-date=\"2026-05-25\" class=\"bc-col\"><span class=\"date tooltipster\" title=\"15 Available\"><span class=\"number\">25<\/span><\/span><\/div><div data-date=\"2026-05-26\" class=\"bc-col\"><span class=\"date tooltipster\" title=\"15 Available\"><span class=\"number\">26<\/span><\/span><\/div><div data-date=\"2026-05-27\" class=\"bc-col\"><span class=\"date tooltipster\" title=\"15 Available\"><span class=\"number\">27<\/span><\/span><\/div><div data-date=\"2026-05-28\" class=\"bc-col\"><span class=\"date tooltipster\" title=\"15 Available\"><span class=\"number\">28<\/span><\/span><\/div><div data-date=\"2026-05-29\" class=\"bc-col\"><span class=\"date tooltipster\" title=\"15 Available\"><span class=\"number\">29<\/span><\/span><\/div><div data-date=\"2026-05-30\" class=\"bc-col\"><span class=\"date tooltipster\" title=\"15 Available\"><span class=\"number\">30<\/span><\/span><\/div><div data-date=\"2026-05-31\" class=\"bc-col\"><span class=\"date tooltipster\" title=\"15 Available\"><span class=\"number\">31<\/span><\/span><\/div><\/div>\t\t<\/div>\n\t<\/div><\/div><\/div><\/p>\t\t\t\t\t\t\t\t<\/div>\n\t\t\t\t<\/div>\n\t\t\t\t\t<\/div>\n\t\t<\/div>\n\t\t\t\t\t<\/div>\n\t\t<\/section>\n\t\t\t\t<\/div>","protected":false},"excerpt":{"rendered":"<p>CLICK HERE TO BOOK YOUR SESSION 5-a-Side Indoor Sand Court Perfectly sized for action-packed games, our indoor beach soccer pitch features certified white sand and a layout built for speed,&hellip;<\/p>","protected":false},"author":1,"featured_media":26732,"parent":0,"menu_order":0,"comment_status":"closed","ping_status":"closed","template":"","meta":{"footnotes":""},"class_list":["post-26730","page","type-page","status-publish","has-post-thumbnail","hentry"],"jetpack_sharing_enabled":true,"_links":{"self":[{"href":"https:\/\/legendssportarena.it\/it\/wp-json\/wp\/v2\/pages\/26730","targetHints":{"allow":["GET"]}}],"collection":[{"href":"https:\/\/legendssportarena.it\/it\/wp-json\/wp\/v2\/pages"}],"about":[{"href":"https:\/\/legendssportarena.it\/it\/wp-json\/wp\/v2\/types\/page"}],"author":[{"embeddable":true,"href":"https:\/\/legendssportarena.it\/it\/wp-json\/wp\/v2\/users\/1"}],"replies":[{"embeddable":true,"href":"https:\/\/legendssportarena.it\/it\/wp-json\/wp\/v2\/comments?post=26730"}],"version-history":[{"count":20,"href":"https:\/\/legendssportarena.it\/it\/wp-json\/wp\/v2\/pages\/26730\/revisions"}],"predecessor-version":[{"id":27617,"href":"https:\/\/legendssportarena.it\/it\/wp-json\/wp\/v2\/pages\/26730\/revisions\/27617"}],"wp:featuredmedia":[{"embeddable":true,"href":"https:\/\/legendssportarena.it\/it\/wp-json\/wp\/v2\/media\/26732"}],"wp:attachment":[{"href":"https:\/\/legendssportarena.it\/it\/wp-json\/wp\/v2\/media?parent=26730"}],"curies":[{"name":"wp","href":"https:\/\/api.w.org\/{rel}","templated":true}]}}